{"id":189,"date":"2026-04-01T00:55:43","date_gmt":"2026-04-01T00:55:43","guid":{"rendered":"https:\/\/blr-formation.fr\/?page_id=189"},"modified":"2026-04-13T16:53:47","modified_gmt":"2026-04-13T16:53:47","slug":"nos-services","status":"publish","type":"page","link":"https:\/\/blr-formation.fr\/index.php\/nos-services\/","title":{"rendered":"Nos services"},"content":{"rendered":"\t\t<div data-elementor-type=\"wp-page\" data-elementor-id=\"189\" class=\"elementor elementor-189\" data-elementor-post-type=\"page\">\n\t\t\t\t\t\t<section class=\"elementor-section elementor-top-section elementor-element elementor-element-3713b876 elementor-reverse-mobile elementor-section-boxed elementor-section-height-default elementor-section-height-default\" data-id=\"3713b876\" data-element_type=\"section\" data-e-type=\"section\">\n\t\t\t\t\t\t<div class=\"elementor-container elementor-column-gap-default\">\n\t\t\t\t\t<div class=\"elementor-column elementor-col-50 elementor-top-column elementor-element elementor-element-3720c632\" data-id=\"3720c632\" data-element_type=\"column\" data-e-type=\"column\">\n\t\t\t<div class=\"elementor-widget-wrap elementor-element-populated\">\n\t\t\t\t\t\t<div class=\"elementor-element elementor-element-45b4d012 elementor-widget elementor-widget-image\" data-id=\"45b4d012\" data-element_type=\"widget\" data-e-type=\"widget\" data-widget_type=\"image.default\">\n\t\t\t\t\t\t\t\t\t\t\t\t\t\t\t<img fetchpriority=\"high\" decoding=\"async\" width=\"768\" height=\"1024\" src=\"https:\/\/blr-formation.fr\/wp-content\/uploads\/2026\/04\/4982fa1a-aaec-4404-a3e8-560c3945813b-768x1024.jpg\" class=\"attachment-large size-large wp-image-197\" alt=\"\" srcset=\"https:\/\/blr-formation.fr\/wp-content\/uploads\/2026\/04\/4982fa1a-aaec-4404-a3e8-560c3945813b-768x1024.jpg 768w, https:\/\/blr-formation.fr\/wp-content\/uploads\/2026\/04\/4982fa1a-aaec-4404-a3e8-560c3945813b-225x300.jpg 225w, https:\/\/blr-formation.fr\/wp-content\/uploads\/2026\/04\/4982fa1a-aaec-4404-a3e8-560c3945813b-1152x1536.jpg 1152w, https:\/\/blr-formation.fr\/wp-content\/uploads\/2026\/04\/4982fa1a-aaec-4404-a3e8-560c3945813b.jpg 1200w\" sizes=\"(max-width: 768px) 100vw, 768px\" \/>\t\t\t\t\t\t\t\t\t\t\t\t\t\t\t<\/div>\n\t\t\t\t<section class=\"elementor-section elementor-inner-section elementor-element elementor-element-629ad84d elementor-hidden-phone elementor-section-boxed elementor-section-height-default elementor-section-height-default\" data-id=\"629ad84d\" data-element_type=\"section\" data-e-type=\"section\">\n\t\t\t\t\t\t<div class=\"elementor-container elementor-column-gap-default\">\n\t\t\t\t\t<div class=\"elementor-column elementor-col-100 elementor-inner-column elementor-element elementor-element-6ad6f92b\" data-id=\"6ad6f92b\" data-element_type=\"column\" data-e-type=\"column\" data-settings=\"{&quot;background_background&quot;:&quot;classic&quot;,&quot;motion_fx_motion_fx_scrolling&quot;:&quot;yes&quot;,&quot;motion_fx_translateY_effect&quot;:&quot;yes&quot;,&quot;motion_fx_translateY_speed&quot;:{&quot;unit&quot;:&quot;px&quot;,&quot;size&quot;:1.3,&quot;sizes&quot;:[]},&quot;motion_fx_translateY_affectedRange&quot;:{&quot;unit&quot;:&quot;%&quot;,&quot;size&quot;:&quot;&quot;,&quot;sizes&quot;:{&quot;start&quot;:0,&quot;end&quot;:100}},&quot;motion_fx_devices&quot;:[&quot;desktop&quot;,&quot;tablet&quot;,&quot;mobile&quot;]}\">\n\t\t\t<div class=\"elementor-widget-wrap elementor-element-populated\">\n\t\t\t\t\t\t<div class=\"elementor-element elementor-element-39d24d elementor-widget__width-auto elementor-widget elementor-widget-heading\" data-id=\"39d24d\" data-element_type=\"widget\" data-e-type=\"widget\" data-widget_type=\"heading.default\">\n\t\t\t\t\t<h2 class=\"elementor-heading-title elementor-size-default\">Ann\u00e9e d' <br>Exp\u00e9riences<\/h2>\t\t\t\t<\/div>\n\t\t\t\t<div class=\"elementor-element elementor-element-2729645 elementor-widget__width-auto elementor-widget elementor-widget-heading\" data-id=\"2729645\" data-element_type=\"widget\" data-e-type=\"widget\" data-widget_type=\"heading.default\">\n\t\t\t\t\t<h2 class=\"elementor-heading-title elementor-size-xxl\">10+<\/h2>\t\t\t\t<\/div>\n\t\t\t\t\t<\/div>\n\t\t<\/div>\n\t\t\t\t\t<\/div>\n\t\t<\/section>\n\t\t\t\t\t<\/div>\n\t\t<\/div>\n\t\t\t\t<div class=\"elementor-column elementor-col-50 elementor-top-column elementor-element elementor-element-357f333\" data-id=\"357f333\" data-element_type=\"column\" data-e-type=\"column\">\n\t\t\t<div class=\"elementor-widget-wrap elementor-element-populated\">\n\t\t\t\t\t\t<div class=\"elementor-element elementor-element-47f997a5 eael-dual-header-content-align-left elementor-widget elementor-widget-eael-dual-color-header\" data-id=\"47f997a5\" data-element_type=\"widget\" data-e-type=\"widget\" data-widget_type=\"eael-dual-color-header.default\">\n\t\t\t\t\t\t\t\t<div class=\"eael-dual-header\">\n\t\t\t\t<h2 class=\"title eael-dch-title\"><span class=\"eael-dch-title-text eael-dch-title-lead lead solid-color\">Les services de<\/span> <span class=\"eael-dch-title-text\">BLR CONSEIL FORMATION<\/span><\/h2>\t\t\t<\/div>\n\n\t\t\t\t\t\t<\/div>\n\t\t\t\t<div class=\"elementor-element elementor-element-f20a019 elementor-widget elementor-widget-text-editor\" data-id=\"f20a019\" data-element_type=\"widget\" data-e-type=\"widget\" data-widget_type=\"text-editor.default\">\n\t\t\t\t\t\t\t\t\t<p>Chez BLR Conseil Formation, nous accompagnons les professionnels et les entreprises dans le d\u00e9veloppement de leurs comp\u00e9tences et l\u2019optimisation de leurs performances.<br data-start=\"288\" data-end=\"291\" \/>Nos services allient expertise, p\u00e9dagogie et solutions sur mesure pour r\u00e9pondre aux enjeux actuels du monde du travail.<br data-start=\"410\" data-end=\"413\" \/>De la formation au conseil strat\u00e9gique, nous vous aidons \u00e0 atteindre vos objectifs avec efficacit\u00e9 et durabilit\u00e9.<\/p>\t\t\t\t\t\t\t\t<\/div>\n\t\t\t\t<div class=\"elementor-element elementor-element-23c91300 elementor-widget elementor-widget-accordion\" data-id=\"23c91300\" data-element_type=\"widget\" data-e-type=\"widget\" data-widget_type=\"accordion.default\">\n\t\t\t\t\t\t\t<div class=\"elementor-accordion\">\n\t\t\t\t\t\t\t<div class=\"elementor-accordion-item\">\n\t\t\t\t\t<div id=\"elementor-tab-title-6001\" class=\"elementor-tab-title\" data-tab=\"1\" role=\"button\" aria-controls=\"elementor-tab-content-6001\" aria-expanded=\"false\">\n\t\t\t\t\t\t\t\t\t\t\t\t\t<span class=\"elementor-accordion-icon elementor-accordion-icon-left\" aria-hidden=\"true\">\n\t\t\t\t\t\t\t\t\t\t\t\t\t\t\t<span class=\"elementor-accordion-icon-closed\"><svg class=\"e-font-icon-svg e-fas-plus\" viewBox=\"0 0 448 512\" xmlns=\"http:\/\/www.w3.org\/2000\/svg\"><path d=\"M416 208H272V64c0-17.67-14.33-32-32-32h-32c-17.67 0-32 14.33-32 32v144H32c-17.67 0-32 14.33-32 32v32c0 17.67 14.33 32 32 32h144v144c0 17.67 14.33 32 32 32h32c17.67 0 32-14.33 32-32V304h144c17.67 0 32-14.33 32-32v-32c0-17.67-14.33-32-32-32z\"><\/path><\/svg><\/span>\n\t\t\t\t\t\t\t\t<span class=\"elementor-accordion-icon-opened\"><svg class=\"e-font-icon-svg e-fas-minus\" viewBox=\"0 0 448 512\" xmlns=\"http:\/\/www.w3.org\/2000\/svg\"><path d=\"M416 208H32c-17.67 0-32 14.33-32 32v32c0 17.67 14.33 32 32 32h384c17.67 0 32-14.33 32-32v-32c0-17.67-14.33-32-32-32z\"><\/path><\/svg><\/span>\n\t\t\t\t\t\t\t\t\t\t\t\t\t\t<\/span>\n\t\t\t\t\t\t\t\t\t\t\t\t<a class=\"elementor-accordion-title\" tabindex=\"0\">Coaching Personnel<\/a>\n\t\t\t\t\t<\/div>\n\t\t\t\t\t<div id=\"elementor-tab-content-6001\" class=\"elementor-tab-content elementor-clearfix\" data-tab=\"1\" role=\"region\" aria-labelledby=\"elementor-tab-title-6001\"><p>Le coaching personnel propos\u00e9 par BLR Conseil Formation vous accompagne dans votre d\u00e9veloppement personnel et professionnel.<br data-start=\"227\" data-end=\"230\" \/>Gr\u00e2ce \u00e0 un suivi individualis\u00e9, nous vous aidons \u00e0 clarifier vos objectifs, lever vos blocages et r\u00e9v\u00e9ler pleinement votre potentiel.<br data-start=\"363\" data-end=\"366\" \/>Chaque accompagnement est con\u00e7u sur mesure, dans un cadre bienveillant et confidentiel.<\/p><\/div>\n\t\t\t\t<\/div>\n\t\t\t\t\t\t\t<div class=\"elementor-accordion-item\">\n\t\t\t\t\t<div id=\"elementor-tab-title-6002\" class=\"elementor-tab-title\" data-tab=\"2\" role=\"button\" aria-controls=\"elementor-tab-content-6002\" aria-expanded=\"false\">\n\t\t\t\t\t\t\t\t\t\t\t\t\t<span class=\"elementor-accordion-icon elementor-accordion-icon-left\" aria-hidden=\"true\">\n\t\t\t\t\t\t\t\t\t\t\t\t\t\t\t<span class=\"elementor-accordion-icon-closed\"><svg class=\"e-font-icon-svg e-fas-plus\" viewBox=\"0 0 448 512\" xmlns=\"http:\/\/www.w3.org\/2000\/svg\"><path d=\"M416 208H272V64c0-17.67-14.33-32-32-32h-32c-17.67 0-32 14.33-32 32v144H32c-17.67 0-32 14.33-32 32v32c0 17.67 14.33 32 32 32h144v144c0 17.67 14.33 32 32 32h32c17.67 0 32-14.33 32-32V304h144c17.67 0 32-14.33 32-32v-32c0-17.67-14.33-32-32-32z\"><\/path><\/svg><\/span>\n\t\t\t\t\t\t\t\t<span class=\"elementor-accordion-icon-opened\"><svg class=\"e-font-icon-svg e-fas-minus\" viewBox=\"0 0 448 512\" xmlns=\"http:\/\/www.w3.org\/2000\/svg\"><path d=\"M416 208H32c-17.67 0-32 14.33-32 32v32c0 17.67 14.33 32 32 32h384c17.67 0 32-14.33 32-32v-32c0-17.67-14.33-32-32-32z\"><\/path><\/svg><\/span>\n\t\t\t\t\t\t\t\t\t\t\t\t\t\t<\/span>\n\t\t\t\t\t\t\t\t\t\t\t\t<a class=\"elementor-accordion-title\" tabindex=\"0\">Formation Certifiante<\/a>\n\t\t\t\t\t<\/div>\n\t\t\t\t\t<div id=\"elementor-tab-content-6002\" class=\"elementor-tab-content elementor-clearfix\" data-tab=\"2\" role=\"region\" aria-labelledby=\"elementor-tab-title-6002\"><p>Nos formations certifiantes sont con\u00e7ues pour vous permettre d\u2019acqu\u00e9rir des comp\u00e9tences reconnues et valorisables sur le march\u00e9 du travail.<br data-start=\"223\" data-end=\"226\" \/>Alliant th\u00e9orie et pratique, elles vous offrent un parcours structur\u00e9 pour d\u00e9velopper votre expertise et s\u00e9curiser votre \u00e9volution professionnelle.<\/p><\/div>\n\t\t\t\t<\/div>\n\t\t\t\t\t\t\t\t<\/div>\n\t\t\t\t\t\t<\/div>\n\t\t\t\t<div class=\"elementor-element elementor-element-7af0566 elementor-widget__width-initial elementor-widget elementor-widget-button\" data-id=\"7af0566\" data-element_type=\"widget\" data-e-type=\"widget\" data-widget_type=\"button.default\">\n\t\t\t\t\t\t\t\t\t\t<a class=\"elementor-button elementor-button-link elementor-size-sm\" href=\"https:\/\/blr-formation.fr\/index.php\/coaching-personnel\/\">\n\t\t\t\t\t\t<span class=\"elementor-button-content-wrapper\">\n\t\t\t\t\t\t\t\t\t<span class=\"elementor-button-text\">Coaching Personnel<\/span>\n\t\t\t\t\t<\/span>\n\t\t\t\t\t<\/a>\n\t\t\t\t\t\t\t\t<\/div>\n\t\t\t\t<div class=\"elementor-element elementor-element-3bb0e68 elementor-widget__width-initial elementor-widget elementor-widget-button\" data-id=\"3bb0e68\" data-element_type=\"widget\" data-e-type=\"widget\" data-widget_type=\"button.default\">\n\t\t\t\t\t\t\t\t\t\t<a class=\"elementor-button elementor-button-link elementor-size-sm\" href=\"https:\/\/blr-formation.fr\/index.php\/formation-certifiante\/\">\n\t\t\t\t\t\t<span class=\"elementor-button-content-wrapper\">\n\t\t\t\t\t\t\t\t\t<span class=\"elementor-button-text\">Formation Certifiante<\/span>\n\t\t\t\t\t<\/span>\n\t\t\t\t\t<\/a>\n\t\t\t\t\t\t\t\t<\/div>\n\t\t\t\t\t<\/div>\n\t\t<\/div>\n\t\t\t\t\t<\/div>\n\t\t<\/section>\n\t\t\t\t<section class=\"elementor-section elementor-top-section elementor-element elementor-element-4eef840 elementor-section-boxed elementor-section-height-default elementor-section-height-default\" data-id=\"4eef840\" data-element_type=\"section\" data-e-type=\"section\">\n\t\t\t\t\t\t<div class=\"elementor-container elementor-column-gap-default\">\n\t\t\t\t\t<div class=\"elementor-column elementor-col-100 elementor-top-column elementor-element elementor-element-6fb144e2\" data-id=\"6fb144e2\" data-element_type=\"column\" data-e-type=\"column\">\n\t\t\t<div class=\"elementor-widget-wrap elementor-element-populated\">\n\t\t\t\t\t\t<section class=\"elementor-section elementor-inner-section elementor-element elementor-element-509b8c70 elementor-section-boxed elementor-section-height-default elementor-section-height-default\" data-id=\"509b8c70\" data-element_type=\"section\" data-e-type=\"section\" data-settings=\"{&quot;background_background&quot;:&quot;classic&quot;}\">\n\t\t\t\t\t\t\t<div class=\"elementor-background-overlay\"><\/div>\n\t\t\t\t\t\t\t<div class=\"elementor-container elementor-column-gap-default\">\n\t\t\t\t\t<div class=\"elementor-column elementor-col-100 elementor-inner-column elementor-element elementor-element-25d48b7a\" data-id=\"25d48b7a\" data-element_type=\"column\" data-e-type=\"column\">\n\t\t\t<div class=\"elementor-widget-wrap elementor-element-populated\">\n\t\t\t\t\t\t<div class=\"elementor-element elementor-element-5d10c9b4 eael-dual-header-content-align-center elementor-widget elementor-widget-eael-dual-color-header\" data-id=\"5d10c9b4\" data-element_type=\"widget\" data-e-type=\"widget\" data-widget_type=\"eael-dual-color-header.default\">\n\t\t\t\t\t\t\t\t<div class=\"eael-dual-header\">\n\t\t\t\t<h2 class=\"title eael-dch-title\"><span class=\"eael-dch-title-text eael-dch-title-lead lead solid-color\">Pourquoi choisir<\/span> <span class=\"eael-dch-title-text\">BLR CONSEIL FORMATION<\/span><\/h2>\t\t\t<\/div>\n\n\t\t\t\t\t\t<\/div>\n\t\t\t\t<div class=\"elementor-element elementor-element-747a3b48 elementor-widget elementor-widget-text-editor\" data-id=\"747a3b48\" data-element_type=\"widget\" data-e-type=\"widget\" data-widget_type=\"text-editor.default\">\n\t\t\t\t\t\t\t\t\t<p data-start=\"100\" data-end=\"411\">BLR Conseil Formation est un organisme bas\u00e9 en Martinique, sp\u00e9cialis\u00e9 dans le d\u00e9veloppement personnel et professionnel.<br data-start=\"219\" data-end=\"222\" \/>\u00c0 travers des formations, du coaching et des accompagnements sur mesure, nous aidons particuliers et entreprises \u00e0 renforcer leurs comp\u00e9tences, leur efficacit\u00e9 et leur bien-\u00eatre au travail.<\/p><p data-start=\"413\" data-end=\"664\">Choisir BLR Conseil Formation, c\u2019est faire le choix d\u2019un accompagnement humain, personnalis\u00e9 et orient\u00e9 r\u00e9sultats. Chaque intervention est pens\u00e9e pour s\u2019adapter aux r\u00e9alit\u00e9s du terrain, avec des outils concrets, imm\u00e9diatement applicables au quotidien.<\/p><p data-start=\"666\" data-end=\"949\">Notre approche repose sur l\u2019\u00e9coute, la bienveillance et l\u2019exigence, afin de permettre \u00e0 chacun de r\u00e9v\u00e9ler pleinement son potentiel et de d\u00e9passer ses blocages. Nous mettons un point d\u2019honneur \u00e0 proposer des solutions pratiques, durables et align\u00e9es avec vos objectifs professionnels.<\/p><p data-start=\"951\" data-end=\"1156\">Que vous soyez en qu\u00eate d\u2019\u00e9volution, de reconversion ou d\u2019am\u00e9lioration de vos performances, BLR Conseil Formation est un partenaire de confiance pour vous accompagner \u00e0 chaque \u00e9tape de votre d\u00e9veloppement.<\/p>\t\t\t\t\t\t\t\t<\/div>\n\t\t\t\t\t<\/div>\n\t\t<\/div>\n\t\t\t\t\t<\/div>\n\t\t<\/section>\n\t\t\t\t<div class=\"elementor-element elementor-element-1f53ff1e elementor-widget__width-initial elementor-absolute elementor-widget elementor-widget-image\" data-id=\"1f53ff1e\" data-element_type=\"widget\" data-e-type=\"widget\" data-settings=\"{&quot;motion_fx_motion_fx_scrolling&quot;:&quot;yes&quot;,&quot;motion_fx_translateY_effect&quot;:&quot;yes&quot;,&quot;motion_fx_translateY_direction&quot;:&quot;negative&quot;,&quot;motion_fx_translateY_speed&quot;:{&quot;unit&quot;:&quot;px&quot;,&quot;size&quot;:1.9,&quot;sizes&quot;:[]},&quot;_position&quot;:&quot;absolute&quot;,&quot;motion_fx_devices&quot;:[&quot;desktop&quot;],&quot;motion_fx_translateY_affectedRange&quot;:{&quot;unit&quot;:&quot;%&quot;,&quot;size&quot;:&quot;&quot;,&quot;sizes&quot;:{&quot;start&quot;:0,&quot;end&quot;:100}}}\" data-widget_type=\"image.default\">\n\t\t\t\t\t\t\t\t\t\t\t\t\t\t\t\t<a href=\"#elementor-action%3Aaction%3Dlightbox%26settings%3DeyJ0eXBlIjoidmlkZW8iLCJ2aWRlb1R5cGUiOiJ5b3V0dWJlIiwidXJsIjoiaHR0cHM6XC9cL3d3dy55b3V0dWJlLmNvbVwvZW1iZWRcLzgwTkxFalYyVU5FP2ZlYXR1cmU9b2VtYmVkIn0%3D\">\n\t\t\t\t\t\t\t<img decoding=\"async\" width=\"768\" height=\"1024\" src=\"https:\/\/blr-formation.fr\/wp-content\/uploads\/2026\/04\/IMG_2502-768x1024.jpg\" class=\"attachment-large size-large wp-image-202\" alt=\"\" srcset=\"https:\/\/blr-formation.fr\/wp-content\/uploads\/2026\/04\/IMG_2502-768x1024.jpg 768w, https:\/\/blr-formation.fr\/wp-content\/uploads\/2026\/04\/IMG_2502-225x300.jpg 225w, https:\/\/blr-formation.fr\/wp-content\/uploads\/2026\/04\/IMG_2502.jpg 960w\" sizes=\"(max-width: 768px) 100vw, 768px\" \/>\t\t\t\t\t\t\t\t<\/a>\n\t\t\t\t\t\t\t\t\t\t\t\t\t\t\t<\/div>\n\t\t\t\t\t<\/div>\n\t\t<\/div>\n\t\t\t\t\t<\/div>\n\t\t<\/section>\n\t\t\t\t<\/div>\n\t\t","protected":false},"excerpt":{"rendered":"<p>Ann\u00e9e d&rsquo; Exp\u00e9riences 10+ Les services de BLR CONSEIL FORMATION Chez BLR Conseil Formation, nous accompagnons les professionnels et les entreprises dans le d\u00e9veloppement de leurs comp\u00e9tences et l\u2019optimisation de leurs performances.Nos services allient expertise, p\u00e9dagogie et solutions sur mesure pour r\u00e9pondre aux enjeux actuels du monde du travail.De la formation au conseil strat\u00e9gique, nous [&hellip;]<\/p>\n","protected":false},"author":1,"featured_media":0,"parent":0,"menu_order":0,"comment_status":"closed","ping_status":"closed","template":"elementor_header_footer","meta":{"footnotes":""},"class_list":["post-189","page","type-page","status-publish","hentry"],"_links":{"self":[{"href":"https:\/\/blr-formation.fr\/index.php\/wp-json\/wp\/v2\/pages\/189","targetHints":{"allow":["GET"]}}],"collection":[{"href":"https:\/\/blr-formation.fr\/index.php\/wp-json\/wp\/v2\/pages"}],"about":[{"href":"https:\/\/blr-formation.fr\/index.php\/wp-json\/wp\/v2\/types\/page"}],"author":[{"embeddable":true,"href":"https:\/\/blr-formation.fr\/index.php\/wp-json\/wp\/v2\/users\/1"}],"replies":[{"embeddable":true,"href":"https:\/\/blr-formation.fr\/index.php\/wp-json\/wp\/v2\/comments?post=189"}],"version-history":[{"count":16,"href":"https:\/\/blr-formation.fr\/index.php\/wp-json\/wp\/v2\/pages\/189\/revisions"}],"predecessor-version":[{"id":225,"href":"https:\/\/blr-formation.fr\/index.php\/wp-json\/wp\/v2\/pages\/189\/revisions\/225"}],"wp:attachment":[{"href":"https:\/\/blr-formation.fr\/index.php\/wp-json\/wp\/v2\/media?parent=189"}],"curies":[{"name":"wp","href":"https:\/\/api.w.org\/{rel}","templated":true}]}}